{"id":9,"date":"2022-01-10T22:24:00","date_gmt":"2022-01-10T21:24:00","guid":{"rendered":"https:\/\/www.kheopsmusic.com\/?page_id=9"},"modified":"2022-01-10T23:35:28","modified_gmt":"2022-01-10T22:35:28","slug":"discographie","status":"publish","type":"page","link":"https:\/\/www.kheopsmusic.com\/?page_id=9","title":{"rendered":"Discographie"},"content":{"rendered":"\r\n<p><em>Albums Disponibles sur Apple Music, Spotify, Deezer, &#8230;<\/em><\/p>\r\n\r\n\r\n\r\n<p><strong>Kheops 1 \u2013 Pyramix<\/strong><\/p>\r\n\r\n\r\n\r\n\r\n\r\n\r\n\r\n<p><img loading=\"lazy\" decoding=\"async\" class=\"alignnone wp-image-296 size-full\" src=\"https:\/\/www.kheopsmusic.com\/wp-content\/uploads\/2022\/01\/kheops-pyramix.jpg\" alt=\"\" width=\"250\" height=\"250\" srcset=\"https:\/\/www.kheopsmusic.com\/wp-content\/uploads\/2022\/01\/kheops-pyramix.jpg 250w, https:\/\/www.kheopsmusic.com\/wp-content\/uploads\/2022\/01\/kheops-pyramix-150x150.jpg 150w\" sizes=\"auto, (max-width: 250px) 100vw, 250px\" \/><\/p>\r\n<p><a href=\"https:\/\/itun.es\/be\/VKB1l\">https:\/\/itun.es\/be\/VKB1l<\/a><\/p>\r\n<p>Aujourd&rsquo;hui, je me suis \u00e9chapp\u00e9 de cette prison qu&rsquo;\u00e9tait mon monument fun\u00e9raire. Cette montagne de pierres dans laquelle j&rsquo;ai \u00e9t\u00e9 emprisonn\u00e9 bien avant le nouvel empire. Mon esprit est venu de cet endroit, pour unir l&rsquo;humanit\u00e9 et lui apporter \u00e0 travers cette musique, un message de paix et de fraternit\u00e9.\u00a0\u00a0Mon \u00ab travail \u00bb est une combinaison de sons exprimant la fiert\u00e9 de la civilisation d&rsquo;aujourd&rsquo;hui et de couleurs ethniques profond\u00e9ment enracin\u00e9es dans la gloire de nos soci\u00e9t\u00e9s pass\u00e9es. Ceci pour exprimer les joies et les souffrances communes \u00e0 tous les peuples, et aussi, pour nous unir par une cha\u00eene spirituelle indestructible qui encouragera ces sentiments d&rsquo;amour et de tol\u00e9rance dont notre monde a tant besoin.<\/p>\r\n\r\n\r\n\r\n<p>&nbsp;<\/p>\r\n<p><strong>Kheops 2 &#8211; Balkans<\/strong><\/p>\r\n\r\n\r\n\r\n<p><a href=\"https:\/\/itun.es\/be\/-O01l\"><img loading=\"lazy\" decoding=\"async\" class=\"alignnone wp-image-295\" src=\"https:\/\/www.kheopsmusic.com\/wp-content\/uploads\/2022\/01\/kheops-balkans.jpg\" alt=\"\" width=\"250\" height=\"246\" srcset=\"https:\/\/www.kheopsmusic.com\/wp-content\/uploads\/2022\/01\/kheops-balkans.jpg 516w, https:\/\/www.kheopsmusic.com\/wp-content\/uploads\/2022\/01\/kheops-balkans-300x295.jpg 300w\" sizes=\"auto, (max-width: 250px) 100vw, 250px\" \/><\/a><\/p>\r\n<p><a href=\"https:\/\/itun.es\/be\/-O01l\">https:\/\/itun.es\/be\/-O01l<\/a><\/p>\r\n\r\n\r\n\r\n<p>C&rsquo;\u00e9tait il y a tr\u00e8s longtemps, plusieurs mill\u00e9naires, Dieu l&rsquo;homme aimait l&rsquo;homme Dieu, Dieu aimait l&rsquo;homme. Il lui avait donn\u00e9 l&rsquo;Univers, la terre sa m\u00e8re, le Cosmos. Il lui avait donn\u00e9 un seul langage, un m\u00eame esprit, un m\u00eame pouvoir. Mais il lui avait aussi donn\u00e9 ses limites. L&rsquo;homme n&rsquo;a pas voulu ob\u00e9ir aux limites. Il a cr\u00e9\u00e9 des fronti\u00e8res, toutes les fronti\u00e8res. Il a ainsi cr\u00e9\u00e9 \u00ab l&rsquo;incr\u00e9able \u00bb, la division et l&rsquo;opposition des hommes.<\/p>\r\n\r\n\r\n\r\n<p>Que l&rsquo;an 2000 soit le d\u00e9but du retour vers l&rsquo;Universalisme. Que les diff\u00e9rences s&rsquo;estompent o\u00f9 s&rsquo;acceptent. Voici pourquoi Kheops 2<\/p>\r\n\r\n\r\n\r\n<p>&nbsp;<\/p>\r\n<p><strong>Kheops 3 &#8211; Sun Project<\/strong><\/p>\r\n\r\n\r\n\r\n<p><img loading=\"lazy\" decoding=\"async\" class=\"alignnone wp-image-297\" src=\"https:\/\/www.kheopsmusic.com\/wp-content\/uploads\/2022\/01\/kheops-sunproject.jpg\" alt=\"\" width=\"250\" height=\"224\" srcset=\"https:\/\/www.kheopsmusic.com\/wp-content\/uploads\/2022\/01\/kheops-sunproject.jpg 669w, https:\/\/www.kheopsmusic.com\/wp-content\/uploads\/2022\/01\/kheops-sunproject-300x269.jpg 300w\" sizes=\"auto, (max-width: 250px) 100vw, 250px\" \/><\/p>\r\n\r\n\r\n\r\n<p><a href=\"https:\/\/itun.es\/be\/-eJs-\">https:\/\/itun.es\/be\/-eJs-<\/a><\/p>\r\n\r\n\r\n\r\n<p>Les bonnes choses se font souvent attendre. Dix ans apr\u00e8s son dernier album, KHEOPS remet le couvert et propose \u00e0 ceux qui l\u2019attendaient un nouvel opus aux sonorit\u00e9s ensoleill\u00e9es ! SUN PROJECT signe la naissance d\u2019une nouvelle \u00e9quipe h\u00e9t\u00e9roclite et l\u2019implication de l\u2019arrangeur Costa Papamichail. Aril Laury et Timothy Hagelstein, tous deux \u00e0 la base du projet, peuvent se targuer d\u2019une distribution mondiale (ORCHARD), d\u2019une nouvelle publication en Cor\u00e9e, en Espagne et au Portugal. L\u2019album a \u00e9t\u00e9 enregistr\u00e9 au APS \u00e0 Bougnies, except\u00e9 les voix portugaises qui ont \u00e9t\u00e9 r\u00e9alis\u00e9es au Studio Vitor Rosa au Portugal.<\/p>\r\n","protected":false},"excerpt":{"rendered":"<p>Albums Disponibles sur Apple Music, Spotify, Deezer, &#8230; Kheops 1 \u2013 Pyramix https:\/\/itun.es\/be\/VKB1l Aujourd&rsquo;hui, je me suis \u00e9chapp\u00e9 de cette prison qu&rsquo;\u00e9tait mon monument fun\u00e9raire. Cette montagne de pierres dans laquelle j&rsquo;ai \u00e9t\u00e9 emprisonn\u00e9 bien avant le nouvel empire. Mon esprit est venu de cet endroit, pour unir l&rsquo;humanit\u00e9 et lui apporter \u00e0 travers cette musique, un message de paix et de fraternit\u00e9.\u00a0\u00a0Mon \u00ab travail \u00bb est une combinaison de sons exprimant la fiert\u00e9 de la civilisation d&rsquo;aujourd&rsquo;hui et de couleurs ethniques profond\u00e9ment enracin\u00e9es dans la gloire<\/p>\n","protected":false},"author":1,"featured_media":0,"parent":0,"menu_order":0,"comment_status":"closed","ping_status":"closed","template":"page-FullWidth.php","meta":{"footnotes":""},"class_list":["post-9","page","type-page","status-publish","hentry"],"_links":{"self":[{"href":"https:\/\/www.kheopsmusic.com\/index.php?rest_route=\/wp\/v2\/pages\/9","targetHints":{"allow":["GET"]}}],"collection":[{"href":"https:\/\/www.kheopsmusic.com\/index.php?rest_route=\/wp\/v2\/pages"}],"about":[{"href":"https:\/\/www.kheopsmusic.com\/index.php?rest_route=\/wp\/v2\/types\/page"}],"author":[{"embeddable":true,"href":"https:\/\/www.kheopsmusic.com\/index.php?rest_route=\/wp\/v2\/users\/1"}],"replies":[{"embeddable":true,"href":"https:\/\/www.kheopsmusic.com\/index.php?rest_route=%2Fwp%2Fv2%2Fcomments&post=9"}],"version-history":[{"count":6,"href":"https:\/\/www.kheopsmusic.com\/index.php?rest_route=\/wp\/v2\/pages\/9\/revisions"}],"predecessor-version":[{"id":354,"href":"https:\/\/www.kheopsmusic.com\/index.php?rest_route=\/wp\/v2\/pages\/9\/revisions\/354"}],"wp:attachment":[{"href":"https:\/\/www.kheopsmusic.com\/index.php?rest_route=%2Fwp%2Fv2%2Fmedia&parent=9"}],"curies":[{"name":"wp","href":"https:\/\/api.w.org\/{rel}","templated":true}]}}